{"id":836,"date":"2023-09-14T15:31:16","date_gmt":"2023-09-14T15:31:16","guid":{"rendered":"https:\/\/emspec.com\/?page_id=836"},"modified":"2023-09-27T15:40:43","modified_gmt":"2023-09-27T15:40:43","slug":"emballeur","status":"publish","type":"page","link":"https:\/\/emspec.com\/fr\/carrieres\/emballeur\/","title":{"rendered":"Emballeur"},"content":{"rendered":"<div class=\"subtitle caps\">RESPONSABILITES<\/div>\r\n<div class=\"text\">Le titulaire est responsable de faire des caisses de bois avant l\u2019exp\u00e9dition du mat\u00e9riel tout en respectant les temps d\u2019assemblage et les dimensions \u00e9tablies. Il est responsable de pr\u00e9parer et de faire la coupe des tuyaux d\u2019acier . Le commis \u00e0 l\u2019emballage s\u2019assure que l\u2019emballage est ad\u00e9quat. Les taches de l emballeur sont :<\/div>\r\n<ul class=\"text\">\r\n \t<li>la coupe de bois et des tuyaux en acier galvanis\u00e9<\/li>\r\n \t<li>la r\u00e9alisation des caisses de bois emballant le produit selon les proc\u00e9dures et sp\u00e9cifications internes;<\/li>\r\n \t<li>le maintien de son environnement de travail propre et s\u00e9curitaire;<\/li>\r\n<\/ul>\r\n<div class=\"subtitle caps\">COMP\u00c9TENCES<\/div>\r\n<ul class=\"text\">\r\n \t<li>Respecte les proc\u00e9dures et politiques de l\u2019entreprise;<\/li>\r\n \t<li>D\u00e9montre une attitude enthousiaste et volontaire;<\/li>\r\n \t<li>Respecte les normes de s\u00e9curit\u00e9;<\/li>\r\n \t<li>Est stable dans son horaire<\/li>\r\n \t<li>Prend \u00e0 c\u0153ur son travail;<\/li>\r\n \t<li>Est manuel<\/li>\r\n<\/ul>\r\n<div class=\"subtitle caps\">HABILET\u00c9S INTERPERSONNELLES<\/div>\r\n<ul class=\"text\">\r\n \t<li>Rigueur, jugement et souci du travail bien fait;<\/li>\r\n \t<li>Fortes habilet\u00e9s d&rsquo;organisation et d&rsquo;analyse;<\/li>\r\n \t<li>Capacit\u00e9 \u00e0 travailler en \u00e9quipe;<\/li>\r\n \t<li>Dynamisme et capacit\u00e9 d\u2019adaptation<\/li>\r\n<\/ul>","protected":false},"excerpt":{"rendered":"<p>RESPONSABILITES Le titulaire est responsable de faire des caisses de bois avant l\u2019exp\u00e9dition du mat\u00e9riel tout en respectant les temps d\u2019assemblage et les dimensions \u00e9tablies. Il est responsable de pr\u00e9parer et de faire la coupe des tuyaux d\u2019acier . Le commis \u00e0 l\u2019emballage s\u2019assure que l\u2019emballage est ad\u00e9quat. Les taches de l emballeur sont : [&hellip;]<\/p>\n","protected":false},"author":1,"featured_media":847,"parent":111,"menu_order":0,"comment_status":"closed","ping_status":"closed","template":"page-career.php","meta":{"footnotes":""},"class_list":["post-836","page","type-page","status-publish","has-post-thumbnail","hentry"],"yoast_head":"<!-- This site is optimized with the Yoast SEO plugin v19.6.1 - https:\/\/yoast.com\/wordpress\/plugins\/seo\/ -->\n<title>Emballeur - emspec.com<\/title>\n<meta name=\"robots\" content=\"index, follow, max-snippet:-1, max-image-preview:large, max-video-preview:-1\" \/>\n<link rel=\"canonical\" href=\"https:\/\/emspec.com\/fr\/carrieres\/emballeur\/\" \/>\n<meta property=\"og:locale\" content=\"fr_FR\" \/>\n<meta property=\"og:type\" content=\"article\" \/>\n<meta property=\"og:title\" content=\"Emballeur - emspec.com\" \/>\n<meta property=\"og:description\" content=\"RESPONSABILITES Le titulaire est responsable de faire des caisses de bois avant l\u2019exp\u00e9dition du mat\u00e9riel tout en respectant les temps d\u2019assemblage et les dimensions \u00e9tablies. Il est responsable de pr\u00e9parer et de faire la coupe des tuyaux d\u2019acier . Le commis \u00e0 l\u2019emballage s\u2019assure que l\u2019emballage est ad\u00e9quat. Les taches de l emballeur sont : [&hellip;]\" \/>\n<meta property=\"og:url\" content=\"https:\/\/emspec.com\/fr\/carrieres\/emballeur\/\" \/>\n<meta property=\"og:site_name\" content=\"emspec.com\" \/>\n<meta property=\"article:modified_time\" content=\"2023-09-27T15:40:43+00:00\" \/>\n<meta property=\"og:image\" content=\"https:\/\/emspec.com\/wp-content\/uploads\/2023\/09\/HP_2538-scaled-1.jpg\" \/>\n\t<meta property=\"og:image:width\" content=\"1320\" \/>\n\t<meta property=\"og:image:height\" content=\"1280\" \/>\n\t<meta property=\"og:image:type\" content=\"image\/jpeg\" \/>\n<meta name=\"twitter:card\" content=\"summary_large_image\" \/>\n<meta name=\"twitter:label1\" content=\"Dur\u00e9e de lecture estim\u00e9e\" \/>\n\t<meta name=\"twitter:data1\" content=\"1 minute\" \/>\n<script type=\"application\/ld+json\" class=\"yoast-schema-graph\">{\"@context\":\"https:\/\/schema.org\",\"@graph\":[{\"@type\":\"WebPage\",\"@id\":\"https:\/\/emspec.com\/fr\/carrieres\/emballeur\/\",\"url\":\"https:\/\/emspec.com\/fr\/carrieres\/emballeur\/\",\"name\":\"Emballeur - emspec.com\",\"isPartOf\":{\"@id\":\"https:\/\/emspec.com\/#website\"},\"datePublished\":\"2023-09-14T15:31:16+00:00\",\"dateModified\":\"2023-09-27T15:40:43+00:00\",\"breadcrumb\":{\"@id\":\"https:\/\/emspec.com\/fr\/carrieres\/emballeur\/#breadcrumb\"},\"inLanguage\":\"fr-FR\",\"potentialAction\":[{\"@type\":\"ReadAction\",\"target\":[\"https:\/\/emspec.com\/fr\/carrieres\/emballeur\/\"]}]},{\"@type\":\"BreadcrumbList\",\"@id\":\"https:\/\/emspec.com\/fr\/carrieres\/emballeur\/#breadcrumb\",\"itemListElement\":[{\"@type\":\"ListItem\",\"position\":1,\"name\":\"Home\",\"item\":\"https:\/\/emspec.com\/fr\/\"},{\"@type\":\"ListItem\",\"position\":2,\"name\":\"Carri\u00e8res\",\"item\":\"https:\/\/emspec.com\/fr\/carrieres\/\"},{\"@type\":\"ListItem\",\"position\":3,\"name\":\"Emballeur\"}]},{\"@type\":\"WebSite\",\"@id\":\"https:\/\/emspec.com\/#website\",\"url\":\"https:\/\/emspec.com\/\",\"name\":\"emspec.com\",\"description\":\"Just another WordPress site\",\"potentialAction\":[{\"@type\":\"SearchAction\",\"target\":{\"@type\":\"EntryPoint\",\"urlTemplate\":\"https:\/\/emspec.com\/?s={search_term_string}\"},\"query-input\":\"required name=search_term_string\"}],\"inLanguage\":\"fr-FR\"}]}<\/script>\n<!-- \/ Yoast SEO plugin. -->","yoast_head_json":{"title":"Emballeur - emspec.com","robots":{"index":"index","follow":"follow","max-snippet":"max-snippet:-1","max-image-preview":"max-image-preview:large","max-video-preview":"max-video-preview:-1"},"canonical":"https:\/\/emspec.com\/fr\/carrieres\/emballeur\/","og_locale":"fr_FR","og_type":"article","og_title":"Emballeur - emspec.com","og_description":"RESPONSABILITES Le titulaire est responsable de faire des caisses de bois avant l\u2019exp\u00e9dition du mat\u00e9riel tout en respectant les temps d\u2019assemblage et les dimensions \u00e9tablies. Il est responsable de pr\u00e9parer et de faire la coupe des tuyaux d\u2019acier . Le commis \u00e0 l\u2019emballage s\u2019assure que l\u2019emballage est ad\u00e9quat. Les taches de l emballeur sont : [&hellip;]","og_url":"https:\/\/emspec.com\/fr\/carrieres\/emballeur\/","og_site_name":"emspec.com","article_modified_time":"2023-09-27T15:40:43+00:00","og_image":[{"width":1320,"height":1280,"url":"https:\/\/emspec.com\/wp-content\/uploads\/2023\/09\/HP_2538-scaled-1.jpg","type":"image\/jpeg"}],"twitter_card":"summary_large_image","twitter_misc":{"Dur\u00e9e de lecture estim\u00e9e":"1 minute"},"schema":{"@context":"https:\/\/schema.org","@graph":[{"@type":"WebPage","@id":"https:\/\/emspec.com\/fr\/carrieres\/emballeur\/","url":"https:\/\/emspec.com\/fr\/carrieres\/emballeur\/","name":"Emballeur - emspec.com","isPartOf":{"@id":"https:\/\/emspec.com\/#website"},"datePublished":"2023-09-14T15:31:16+00:00","dateModified":"2023-09-27T15:40:43+00:00","breadcrumb":{"@id":"https:\/\/emspec.com\/fr\/carrieres\/emballeur\/#breadcrumb"},"inLanguage":"fr-FR","potentialAction":[{"@type":"ReadAction","target":["https:\/\/emspec.com\/fr\/carrieres\/emballeur\/"]}]},{"@type":"BreadcrumbList","@id":"https:\/\/emspec.com\/fr\/carrieres\/emballeur\/#breadcrumb","itemListElement":[{"@type":"ListItem","position":1,"name":"Home","item":"https:\/\/emspec.com\/fr\/"},{"@type":"ListItem","position":2,"name":"Carri\u00e8res","item":"https:\/\/emspec.com\/fr\/carrieres\/"},{"@type":"ListItem","position":3,"name":"Emballeur"}]},{"@type":"WebSite","@id":"https:\/\/emspec.com\/#website","url":"https:\/\/emspec.com\/","name":"emspec.com","description":"Just another WordPress site","potentialAction":[{"@type":"SearchAction","target":{"@type":"EntryPoint","urlTemplate":"https:\/\/emspec.com\/?s={search_term_string}"},"query-input":"required name=search_term_string"}],"inLanguage":"fr-FR"}]}},"_links":{"self":[{"href":"https:\/\/emspec.com\/fr\/wp-json\/wp\/v2\/pages\/836","targetHints":{"allow":["GET"]}}],"collection":[{"href":"https:\/\/emspec.com\/fr\/wp-json\/wp\/v2\/pages"}],"about":[{"href":"https:\/\/emspec.com\/fr\/wp-json\/wp\/v2\/types\/page"}],"author":[{"embeddable":true,"href":"https:\/\/emspec.com\/fr\/wp-json\/wp\/v2\/users\/1"}],"replies":[{"embeddable":true,"href":"https:\/\/emspec.com\/fr\/wp-json\/wp\/v2\/comments?post=836"}],"version-history":[{"count":4,"href":"https:\/\/emspec.com\/fr\/wp-json\/wp\/v2\/pages\/836\/revisions"}],"predecessor-version":[{"id":882,"href":"https:\/\/emspec.com\/fr\/wp-json\/wp\/v2\/pages\/836\/revisions\/882"}],"up":[{"embeddable":true,"href":"https:\/\/emspec.com\/fr\/wp-json\/wp\/v2\/pages\/111"}],"wp:featuredmedia":[{"embeddable":true,"href":"https:\/\/emspec.com\/fr\/wp-json\/wp\/v2\/media\/847"}],"wp:attachment":[{"href":"https:\/\/emspec.com\/fr\/wp-json\/wp\/v2\/media?parent=836"}],"curies":[{"name":"wp","href":"https:\/\/api.w.org\/{rel}","templated":true}]}}