{"id":831,"date":"2023-09-14T14:59:02","date_gmt":"2023-09-14T14:59:02","guid":{"rendered":"https:\/\/emspec.com\/?page_id=831"},"modified":"2023-09-27T15:42:01","modified_gmt":"2023-09-27T15:42:01","slug":"assembleur-mecanique-electrique","status":"publish","type":"page","link":"https:\/\/emspec.com\/fr\/carrieres\/assembleur-mecanique-electrique\/","title":{"rendered":"Assembleur"},"content":{"rendered":"<div class=\"subtitle caps\">RESPONSABILIT\u00c9S<\/div>\r\n<div class=\"text\">Le titulaire du poste est responsable de l&rsquo;assemblage des sectionneurs haute tension. Il s&rsquo;assure que l&rsquo;assemblage final r\u00e9pond aux exigences du plan de travail et aux normes de l&rsquo;entreprise. Il doit :<\/div>\r\n<ul class=\"text\">\r\n \t<li>Assembler les pi\u00e8ces selon l&rsquo;op\u00e9ration \u00e9tablie sur le plan de travail en respectant les temps de montage, les tol\u00e9rances et les dimensions \u00e9tablies\u00a0;<\/li>\r\n \t<li>S&rsquo;assurer que son assemblage final r\u00e9pond aux exigences du plan et aux normes de l&rsquo;entreprise \u00e0 l&rsquo;aide d&rsquo;instruments de mesure de pr\u00e9cision ;<\/li>\r\n \t<li>Lire et interpr\u00e9ter des dessins techniques\u00a0;<\/li>\r\n \t<li>Maintenir son environnement de travail propre et s\u00fbr ;<\/li>\r\n<\/ul>\r\n<div class=\"subtitle caps\">COMP\u00c9TENCES<\/div>\r\n<ul class=\"text\">\r\n \t<li>Respecte les proc\u00e9dures et politiques de l&rsquo;entreprise<\/li>\r\n \t<li>D\u00e9montre une attitude enthousiaste et volontaire<\/li>\r\n \t<li>Se conforme aux normes de s\u00e9curit\u00e9<\/li>\r\n \t<li>Est stable dans son emploi du temps<\/li>\r\n \t<li>Prend son travail \u00e0 c\u0153ur.<\/li>\r\n \t<li>Est \u00e0 l&rsquo;aise pour lire les plans<\/li>\r\n \t<li>Est \u00e0 l&rsquo;aise avec un ordinateur<\/li>\r\n \t<li>Est manuel<\/li>\r\n<\/ul>\r\n<div class=\"subtitle caps\">COMP\u00c9TENCES INTERPERSONNELLES<\/div>\r\n<div class=\"text\">Rigueur, jugement et souci du travail bien fait<\/div>\r\n<ul class=\"text\">\r\n \t<li>Solides comp\u00e9tences organisationnelles et analytiques<\/li>\r\n \t<li>Capacit\u00e9 \u00e0 travailler en \u00e9quipe<\/li>\r\n \t<li>Dynamisme et capacit\u00e9 d&rsquo;adaptation<\/li>\r\n<\/ul>","protected":false},"excerpt":{"rendered":"<p>RESPONSABILIT\u00c9S Le titulaire du poste est responsable de l&rsquo;assemblage des sectionneurs haute tension. Il s&rsquo;assure que l&rsquo;assemblage final r\u00e9pond aux exigences du plan de travail et aux normes de l&rsquo;entreprise. Il doit : Assembler les pi\u00e8ces selon l&rsquo;op\u00e9ration \u00e9tablie sur le plan de travail en respectant les temps de montage, les tol\u00e9rances et les dimensions [&hellip;]<\/p>\n","protected":false},"author":1,"featured_media":817,"parent":111,"menu_order":0,"comment_status":"closed","ping_status":"closed","template":"page-career.php","meta":{"footnotes":""},"class_list":["post-831","page","type-page","status-publish","has-post-thumbnail","hentry"],"yoast_head":"<!-- This site is optimized with the Yoast SEO plugin v19.6.1 - https:\/\/yoast.com\/wordpress\/plugins\/seo\/ -->\n<title>Assembleur - emspec.com<\/title>\n<meta name=\"robots\" content=\"index, follow, max-snippet:-1, max-image-preview:large, max-video-preview:-1\" \/>\n<link rel=\"canonical\" href=\"https:\/\/emspec.com\/fr\/carrieres\/assembleur-mecanique-electrique\/\" \/>\n<meta property=\"og:locale\" content=\"fr_FR\" \/>\n<meta property=\"og:type\" content=\"article\" \/>\n<meta property=\"og:title\" content=\"Assembleur - emspec.com\" \/>\n<meta property=\"og:description\" content=\"RESPONSABILIT\u00c9S Le titulaire du poste est responsable de l&rsquo;assemblage des sectionneurs haute tension. Il s&rsquo;assure que l&rsquo;assemblage final r\u00e9pond aux exigences du plan de travail et aux normes de l&rsquo;entreprise. Il doit : Assembler les pi\u00e8ces selon l&rsquo;op\u00e9ration \u00e9tablie sur le plan de travail en respectant les temps de montage, les tol\u00e9rances et les dimensions [&hellip;]\" \/>\n<meta property=\"og:url\" content=\"https:\/\/emspec.com\/fr\/carrieres\/assembleur-mecanique-electrique\/\" \/>\n<meta property=\"og:site_name\" content=\"emspec.com\" \/>\n<meta property=\"article:modified_time\" content=\"2023-09-27T15:42:01+00:00\" \/>\n<meta property=\"og:image\" content=\"https:\/\/emspec.com\/wp-content\/uploads\/2023\/09\/HP_2800-scaled.jpg\" \/>\n\t<meta property=\"og:image:width\" content=\"2560\" \/>\n\t<meta property=\"og:image:height\" content=\"1707\" \/>\n\t<meta property=\"og:image:type\" content=\"image\/jpeg\" \/>\n<meta name=\"twitter:card\" content=\"summary_large_image\" \/>\n<script type=\"application\/ld+json\" class=\"yoast-schema-graph\">{\"@context\":\"https:\/\/schema.org\",\"@graph\":[{\"@type\":\"WebPage\",\"@id\":\"https:\/\/emspec.com\/fr\/carrieres\/assembleur-mecanique-electrique\/\",\"url\":\"https:\/\/emspec.com\/fr\/carrieres\/assembleur-mecanique-electrique\/\",\"name\":\"Assembleur - emspec.com\",\"isPartOf\":{\"@id\":\"https:\/\/emspec.com\/#website\"},\"datePublished\":\"2023-09-14T14:59:02+00:00\",\"dateModified\":\"2023-09-27T15:42:01+00:00\",\"breadcrumb\":{\"@id\":\"https:\/\/emspec.com\/fr\/carrieres\/assembleur-mecanique-electrique\/#breadcrumb\"},\"inLanguage\":\"fr-FR\",\"potentialAction\":[{\"@type\":\"ReadAction\",\"target\":[\"https:\/\/emspec.com\/fr\/carrieres\/assembleur-mecanique-electrique\/\"]}]},{\"@type\":\"BreadcrumbList\",\"@id\":\"https:\/\/emspec.com\/fr\/carrieres\/assembleur-mecanique-electrique\/#breadcrumb\",\"itemListElement\":[{\"@type\":\"ListItem\",\"position\":1,\"name\":\"Home\",\"item\":\"https:\/\/emspec.com\/fr\/\"},{\"@type\":\"ListItem\",\"position\":2,\"name\":\"Carri\u00e8res\",\"item\":\"https:\/\/emspec.com\/fr\/carrieres\/\"},{\"@type\":\"ListItem\",\"position\":3,\"name\":\"Assembleur\"}]},{\"@type\":\"WebSite\",\"@id\":\"https:\/\/emspec.com\/#website\",\"url\":\"https:\/\/emspec.com\/\",\"name\":\"emspec.com\",\"description\":\"Just another WordPress site\",\"potentialAction\":[{\"@type\":\"SearchAction\",\"target\":{\"@type\":\"EntryPoint\",\"urlTemplate\":\"https:\/\/emspec.com\/?s={search_term_string}\"},\"query-input\":\"required name=search_term_string\"}],\"inLanguage\":\"fr-FR\"}]}<\/script>\n<!-- \/ Yoast SEO plugin. -->","yoast_head_json":{"title":"Assembleur - emspec.com","robots":{"index":"index","follow":"follow","max-snippet":"max-snippet:-1","max-image-preview":"max-image-preview:large","max-video-preview":"max-video-preview:-1"},"canonical":"https:\/\/emspec.com\/fr\/carrieres\/assembleur-mecanique-electrique\/","og_locale":"fr_FR","og_type":"article","og_title":"Assembleur - emspec.com","og_description":"RESPONSABILIT\u00c9S Le titulaire du poste est responsable de l&rsquo;assemblage des sectionneurs haute tension. Il s&rsquo;assure que l&rsquo;assemblage final r\u00e9pond aux exigences du plan de travail et aux normes de l&rsquo;entreprise. Il doit : Assembler les pi\u00e8ces selon l&rsquo;op\u00e9ration \u00e9tablie sur le plan de travail en respectant les temps de montage, les tol\u00e9rances et les dimensions [&hellip;]","og_url":"https:\/\/emspec.com\/fr\/carrieres\/assembleur-mecanique-electrique\/","og_site_name":"emspec.com","article_modified_time":"2023-09-27T15:42:01+00:00","og_image":[{"width":2560,"height":1707,"url":"https:\/\/emspec.com\/wp-content\/uploads\/2023\/09\/HP_2800-scaled.jpg","type":"image\/jpeg"}],"twitter_card":"summary_large_image","schema":{"@context":"https:\/\/schema.org","@graph":[{"@type":"WebPage","@id":"https:\/\/emspec.com\/fr\/carrieres\/assembleur-mecanique-electrique\/","url":"https:\/\/emspec.com\/fr\/carrieres\/assembleur-mecanique-electrique\/","name":"Assembleur - emspec.com","isPartOf":{"@id":"https:\/\/emspec.com\/#website"},"datePublished":"2023-09-14T14:59:02+00:00","dateModified":"2023-09-27T15:42:01+00:00","breadcrumb":{"@id":"https:\/\/emspec.com\/fr\/carrieres\/assembleur-mecanique-electrique\/#breadcrumb"},"inLanguage":"fr-FR","potentialAction":[{"@type":"ReadAction","target":["https:\/\/emspec.com\/fr\/carrieres\/assembleur-mecanique-electrique\/"]}]},{"@type":"BreadcrumbList","@id":"https:\/\/emspec.com\/fr\/carrieres\/assembleur-mecanique-electrique\/#breadcrumb","itemListElement":[{"@type":"ListItem","position":1,"name":"Home","item":"https:\/\/emspec.com\/fr\/"},{"@type":"ListItem","position":2,"name":"Carri\u00e8res","item":"https:\/\/emspec.com\/fr\/carrieres\/"},{"@type":"ListItem","position":3,"name":"Assembleur"}]},{"@type":"WebSite","@id":"https:\/\/emspec.com\/#website","url":"https:\/\/emspec.com\/","name":"emspec.com","description":"Just another WordPress site","potentialAction":[{"@type":"SearchAction","target":{"@type":"EntryPoint","urlTemplate":"https:\/\/emspec.com\/?s={search_term_string}"},"query-input":"required name=search_term_string"}],"inLanguage":"fr-FR"}]}},"_links":{"self":[{"href":"https:\/\/emspec.com\/fr\/wp-json\/wp\/v2\/pages\/831","targetHints":{"allow":["GET"]}}],"collection":[{"href":"https:\/\/emspec.com\/fr\/wp-json\/wp\/v2\/pages"}],"about":[{"href":"https:\/\/emspec.com\/fr\/wp-json\/wp\/v2\/types\/page"}],"author":[{"embeddable":true,"href":"https:\/\/emspec.com\/fr\/wp-json\/wp\/v2\/users\/1"}],"replies":[{"embeddable":true,"href":"https:\/\/emspec.com\/fr\/wp-json\/wp\/v2\/comments?post=831"}],"version-history":[{"count":4,"href":"https:\/\/emspec.com\/fr\/wp-json\/wp\/v2\/pages\/831\/revisions"}],"predecessor-version":[{"id":884,"href":"https:\/\/emspec.com\/fr\/wp-json\/wp\/v2\/pages\/831\/revisions\/884"}],"up":[{"embeddable":true,"href":"https:\/\/emspec.com\/fr\/wp-json\/wp\/v2\/pages\/111"}],"wp:featuredmedia":[{"embeddable":true,"href":"https:\/\/emspec.com\/fr\/wp-json\/wp\/v2\/media\/817"}],"wp:attachment":[{"href":"https:\/\/emspec.com\/fr\/wp-json\/wp\/v2\/media?parent=831"}],"curies":[{"name":"wp","href":"https:\/\/api.w.org\/{rel}","templated":true}]}}