{"id":812,"date":"2023-09-14T13:54:45","date_gmt":"2023-09-14T13:54:45","guid":{"rendered":"https:\/\/emspec.com\/?page_id=812"},"modified":"2023-09-27T15:44:04","modified_gmt":"2023-09-27T15:44:04","slug":"prepose-a-la-fabrication","status":"publish","type":"page","link":"https:\/\/emspec.com\/fr\/carrieres\/prepose-a-la-fabrication\/","title":{"rendered":"Pr\u00e9pos\u00e9"},"content":{"rendered":"<div class=\"subtitle caps\">RESPONSABILIT\u00c9S<\/div>\r\n<div class=\"text\">Le titulaire est responsable d\u2019op\u00e9rer l\u2019outillage m\u00e9canique simple tel que l\u2019\u00e9bavurage, le taraudage, le sciage et le per\u00e7age selon l\u2019op\u00e9ration \u00e9tablie au plan de travail en respectant les temps de fabrication, les tol\u00e9rances et les dimensions \u00e9tablies. Le pr\u00e9pos\u00e9 :<\/div>\r\n<ul class=\"text\">\r\n \t<li>s\u2019assure que la pi\u00e8ce finale respecte les exigences du plan et les standards de la compagnie;<\/li>\r\n \t<li>s&rsquo;assure que les dimensions de la pi\u00e8ce soient respect\u00e9es \u00e0 l&rsquo;aide d\u2019instruments de mesure de pr\u00e9cision;<\/li>\r\n \t<li>Lis et interpr\u00e8te les dessins techniques;<\/li>\r\n \t<li>maintien son environnement de travail propre et s\u00e9curitaire.<\/li>\r\n<\/ul>\r\n<div class=\"subtitle caps\">COMP\u00c9TENCES<\/div>\r\n<ul class=\"text\">\r\n \t<li>Respecte les proc\u00e9dures et politiques de l\u2019entreprise<\/li>\r\n \t<li>D\u00e9montre une attitude enthousiaste et volontaire<\/li>\r\n \t<li>Respecte les normes de s\u00e9curit\u00e9<\/li>\r\n \t<li>Est stable dans son horaire<\/li>\r\n \t<li>Prend \u00e0 c\u0153ur son travail.<\/li>\r\n \t<li>Est \u00e0 l\u2019aise avec la lecture de plan<\/li>\r\n \t<li>Est \u00e0 l\u2019aise avec un ordinateur<\/li>\r\n \t<li>Est manuel<\/li>\r\n<\/ul>\r\n<div class=\"subtitle caps\">HABILET\u00c9S INTERPERSONNELLES<\/div>\r\n<div class=\"text\">Rigueur, jugement et souci du travail bien fait<\/div>\r\n<ul class=\"text\">\r\n \t<li>Fortes habilet\u00e9s d&rsquo;organisation et d&rsquo;analyse<\/li>\r\n \t<li>Capacit\u00e9 \u00e0 travailler en \u00e9quipe<\/li>\r\n \t<li>Dynamisme et capacit\u00e9 d\u2019adaptation<\/li>\r\n<\/ul>","protected":false},"excerpt":{"rendered":"<p>RESPONSABILIT\u00c9S Le titulaire est responsable d\u2019op\u00e9rer l\u2019outillage m\u00e9canique simple tel que l\u2019\u00e9bavurage, le taraudage, le sciage et le per\u00e7age selon l\u2019op\u00e9ration \u00e9tablie au plan de travail en respectant les temps de fabrication, les tol\u00e9rances et les dimensions \u00e9tablies. Le pr\u00e9pos\u00e9 : s\u2019assure que la pi\u00e8ce finale respecte les exigences du plan et les standards de [&hellip;]<\/p>\n","protected":false},"author":1,"featured_media":890,"parent":111,"menu_order":0,"comment_status":"closed","ping_status":"closed","template":"page-career.php","meta":{"footnotes":""},"class_list":["post-812","page","type-page","status-publish","has-post-thumbnail","hentry"],"yoast_head":"<!-- This site is optimized with the Yoast SEO plugin v19.6.1 - https:\/\/yoast.com\/wordpress\/plugins\/seo\/ -->\n<title>Pr\u00e9pos\u00e9 - emspec.com<\/title>\n<meta name=\"robots\" content=\"index, follow, max-snippet:-1, max-image-preview:large, max-video-preview:-1\" \/>\n<link rel=\"canonical\" href=\"https:\/\/emspec.com\/fr\/carrieres\/prepose-a-la-fabrication\/\" \/>\n<meta property=\"og:locale\" content=\"fr_FR\" \/>\n<meta property=\"og:type\" content=\"article\" \/>\n<meta property=\"og:title\" content=\"Pr\u00e9pos\u00e9 - emspec.com\" \/>\n<meta property=\"og:description\" content=\"RESPONSABILIT\u00c9S Le titulaire est responsable d\u2019op\u00e9rer l\u2019outillage m\u00e9canique simple tel que l\u2019\u00e9bavurage, le taraudage, le sciage et le per\u00e7age selon l\u2019op\u00e9ration \u00e9tablie au plan de travail en respectant les temps de fabrication, les tol\u00e9rances et les dimensions \u00e9tablies. Le pr\u00e9pos\u00e9 : s\u2019assure que la pi\u00e8ce finale respecte les exigences du plan et les standards de [&hellip;]\" \/>\n<meta property=\"og:url\" content=\"https:\/\/emspec.com\/fr\/carrieres\/prepose-a-la-fabrication\/\" \/>\n<meta property=\"og:site_name\" content=\"emspec.com\" \/>\n<meta property=\"article:modified_time\" content=\"2023-09-27T15:44:04+00:00\" \/>\n<meta property=\"og:image\" content=\"https:\/\/emspec.com\/wp-content\/uploads\/2023\/09\/HP_3092-scaled.jpg\" \/>\n\t<meta property=\"og:image:width\" content=\"1707\" \/>\n\t<meta property=\"og:image:height\" content=\"2560\" \/>\n\t<meta property=\"og:image:type\" content=\"image\/jpeg\" \/>\n<meta name=\"twitter:card\" content=\"summary_large_image\" \/>\n<script type=\"application\/ld+json\" class=\"yoast-schema-graph\">{\"@context\":\"https:\/\/schema.org\",\"@graph\":[{\"@type\":\"WebPage\",\"@id\":\"https:\/\/emspec.com\/fr\/carrieres\/prepose-a-la-fabrication\/\",\"url\":\"https:\/\/emspec.com\/fr\/carrieres\/prepose-a-la-fabrication\/\",\"name\":\"Pr\u00e9pos\u00e9 - emspec.com\",\"isPartOf\":{\"@id\":\"https:\/\/emspec.com\/#website\"},\"datePublished\":\"2023-09-14T13:54:45+00:00\",\"dateModified\":\"2023-09-27T15:44:04+00:00\",\"breadcrumb\":{\"@id\":\"https:\/\/emspec.com\/fr\/carrieres\/prepose-a-la-fabrication\/#breadcrumb\"},\"inLanguage\":\"fr-FR\",\"potentialAction\":[{\"@type\":\"ReadAction\",\"target\":[\"https:\/\/emspec.com\/fr\/carrieres\/prepose-a-la-fabrication\/\"]}]},{\"@type\":\"BreadcrumbList\",\"@id\":\"https:\/\/emspec.com\/fr\/carrieres\/prepose-a-la-fabrication\/#breadcrumb\",\"itemListElement\":[{\"@type\":\"ListItem\",\"position\":1,\"name\":\"Home\",\"item\":\"https:\/\/emspec.com\/fr\/\"},{\"@type\":\"ListItem\",\"position\":2,\"name\":\"Carri\u00e8res\",\"item\":\"https:\/\/emspec.com\/fr\/carrieres\/\"},{\"@type\":\"ListItem\",\"position\":3,\"name\":\"Pr\u00e9pos\u00e9\"}]},{\"@type\":\"WebSite\",\"@id\":\"https:\/\/emspec.com\/#website\",\"url\":\"https:\/\/emspec.com\/\",\"name\":\"emspec.com\",\"description\":\"Just another WordPress site\",\"potentialAction\":[{\"@type\":\"SearchAction\",\"target\":{\"@type\":\"EntryPoint\",\"urlTemplate\":\"https:\/\/emspec.com\/?s={search_term_string}\"},\"query-input\":\"required name=search_term_string\"}],\"inLanguage\":\"fr-FR\"}]}<\/script>\n<!-- \/ Yoast SEO plugin. -->","yoast_head_json":{"title":"Pr\u00e9pos\u00e9 - emspec.com","robots":{"index":"index","follow":"follow","max-snippet":"max-snippet:-1","max-image-preview":"max-image-preview:large","max-video-preview":"max-video-preview:-1"},"canonical":"https:\/\/emspec.com\/fr\/carrieres\/prepose-a-la-fabrication\/","og_locale":"fr_FR","og_type":"article","og_title":"Pr\u00e9pos\u00e9 - emspec.com","og_description":"RESPONSABILIT\u00c9S Le titulaire est responsable d\u2019op\u00e9rer l\u2019outillage m\u00e9canique simple tel que l\u2019\u00e9bavurage, le taraudage, le sciage et le per\u00e7age selon l\u2019op\u00e9ration \u00e9tablie au plan de travail en respectant les temps de fabrication, les tol\u00e9rances et les dimensions \u00e9tablies. Le pr\u00e9pos\u00e9 : s\u2019assure que la pi\u00e8ce finale respecte les exigences du plan et les standards de [&hellip;]","og_url":"https:\/\/emspec.com\/fr\/carrieres\/prepose-a-la-fabrication\/","og_site_name":"emspec.com","article_modified_time":"2023-09-27T15:44:04+00:00","og_image":[{"width":1707,"height":2560,"url":"https:\/\/emspec.com\/wp-content\/uploads\/2023\/09\/HP_3092-scaled.jpg","type":"image\/jpeg"}],"twitter_card":"summary_large_image","schema":{"@context":"https:\/\/schema.org","@graph":[{"@type":"WebPage","@id":"https:\/\/emspec.com\/fr\/carrieres\/prepose-a-la-fabrication\/","url":"https:\/\/emspec.com\/fr\/carrieres\/prepose-a-la-fabrication\/","name":"Pr\u00e9pos\u00e9 - emspec.com","isPartOf":{"@id":"https:\/\/emspec.com\/#website"},"datePublished":"2023-09-14T13:54:45+00:00","dateModified":"2023-09-27T15:44:04+00:00","breadcrumb":{"@id":"https:\/\/emspec.com\/fr\/carrieres\/prepose-a-la-fabrication\/#breadcrumb"},"inLanguage":"fr-FR","potentialAction":[{"@type":"ReadAction","target":["https:\/\/emspec.com\/fr\/carrieres\/prepose-a-la-fabrication\/"]}]},{"@type":"BreadcrumbList","@id":"https:\/\/emspec.com\/fr\/carrieres\/prepose-a-la-fabrication\/#breadcrumb","itemListElement":[{"@type":"ListItem","position":1,"name":"Home","item":"https:\/\/emspec.com\/fr\/"},{"@type":"ListItem","position":2,"name":"Carri\u00e8res","item":"https:\/\/emspec.com\/fr\/carrieres\/"},{"@type":"ListItem","position":3,"name":"Pr\u00e9pos\u00e9"}]},{"@type":"WebSite","@id":"https:\/\/emspec.com\/#website","url":"https:\/\/emspec.com\/","name":"emspec.com","description":"Just another WordPress site","potentialAction":[{"@type":"SearchAction","target":{"@type":"EntryPoint","urlTemplate":"https:\/\/emspec.com\/?s={search_term_string}"},"query-input":"required name=search_term_string"}],"inLanguage":"fr-FR"}]}},"_links":{"self":[{"href":"https:\/\/emspec.com\/fr\/wp-json\/wp\/v2\/pages\/812","targetHints":{"allow":["GET"]}}],"collection":[{"href":"https:\/\/emspec.com\/fr\/wp-json\/wp\/v2\/pages"}],"about":[{"href":"https:\/\/emspec.com\/fr\/wp-json\/wp\/v2\/types\/page"}],"author":[{"embeddable":true,"href":"https:\/\/emspec.com\/fr\/wp-json\/wp\/v2\/users\/1"}],"replies":[{"embeddable":true,"href":"https:\/\/emspec.com\/fr\/wp-json\/wp\/v2\/comments?post=812"}],"version-history":[{"count":3,"href":"https:\/\/emspec.com\/fr\/wp-json\/wp\/v2\/pages\/812\/revisions"}],"predecessor-version":[{"id":886,"href":"https:\/\/emspec.com\/fr\/wp-json\/wp\/v2\/pages\/812\/revisions\/886"}],"up":[{"embeddable":true,"href":"https:\/\/emspec.com\/fr\/wp-json\/wp\/v2\/pages\/111"}],"wp:featuredmedia":[{"embeddable":true,"href":"https:\/\/emspec.com\/fr\/wp-json\/wp\/v2\/media\/890"}],"wp:attachment":[{"href":"https:\/\/emspec.com\/fr\/wp-json\/wp\/v2\/media?parent=812"}],"curies":[{"name":"wp","href":"https:\/\/api.w.org\/{rel}","templated":true}]}}