{"id":429,"date":"2022-11-16T19:03:41","date_gmt":"2022-11-16T19:03:41","guid":{"rendered":"https:\/\/emspec.com\/?page_id=429"},"modified":"2023-10-11T15:07:45","modified_gmt":"2023-10-11T15:07:45","slug":"362kv-sectionneur-a-ouverture-laterale-double-dans-le-desert-aride-daustralie","status":"publish","type":"page","link":"https:\/\/emspec.com\/fr\/realisations\/362kv-sectionneur-a-ouverture-laterale-double-dans-le-desert-aride-daustralie\/","title":{"rendered":"362KV SECTIONNEUR \u00c0 OUVERTURE LAT\u00c9RALE DOUBLE DANS LE D\u00c9SERT ARIDE D\u2019AUSTRALIE"},"content":{"rendered":"<div class=\"text\">Le sectionneur \u00e0 ouverture lat\u00e9rale double ne se d\u00e9marque pas seulement sous la glace, mais il excelle aussi dans les conditions arides ou en milieu salin. Le LD2 d\u2019EMSPEC \u00e0 362kV et le sectionneur de terre ST18503 associ\u00e9 ont parfaitement r\u00e9agies \u00a0au poste de New Castle de TransGrid situ\u00e9 dans la province de Nouvelle-Galles du Sud en Australie, et ce, malgr\u00e9 des conditions maritimes s\u00e9v\u00e8res.<\/div>\r\n<div class=\"text\">Le LD2 \u00e0 300kV a \u00e9galement d\u00e9montr\u00e9 sa fiabilit\u00e9 sur l\u2019ensemble du r\u00e9seau de Powerlink dans la province du Queensland en Australie.<\/div>\r\n<div class=\"text\">Ce sectionneur est offert avec une commande motoris\u00e9e ou manuelle, de plus, il peut \u00eatre livr\u00e9 avec divers accessoires tels que les cornes d\u2019arc, les limiteurs d\u2019arc, les fouets \u00e0 grande vitesse, les verrouillages \u00e9lectriques ou m\u00e9caniques et plusieurs autres fonctionnalit\u00e9s.<\/div>","protected":false},"excerpt":{"rendered":"<p>Le sectionneur \u00e0 ouverture lat\u00e9rale double ne se d\u00e9marque pas seulement sous la glace, mais il excelle aussi dans les conditions arides ou en milieu salin. Le LD2 d\u2019EMSPEC \u00e0 362kV et le sectionneur de terre ST18503 associ\u00e9 ont parfaitement r\u00e9agies \u00a0au poste de New Castle de TransGrid situ\u00e9 dans la province de Nouvelle-Galles du [&hellip;]<\/p>\n","protected":false},"author":1,"featured_media":430,"parent":109,"menu_order":0,"comment_status":"closed","ping_status":"closed","template":"page-achievement.php","meta":{"footnotes":""},"class_list":["post-429","page","type-page","status-publish","has-post-thumbnail","hentry"],"yoast_head":"<!-- This site is optimized with the Yoast SEO plugin v19.6.1 - https:\/\/yoast.com\/wordpress\/plugins\/seo\/ -->\n<title>362KV SECTIONNEUR \u00c0 OUVERTURE LAT\u00c9RALE DOUBLE DANS LE D\u00c9SERT ARIDE D\u2019AUSTRALIE - emspec.com<\/title>\n<meta name=\"robots\" content=\"index, follow, max-snippet:-1, max-image-preview:large, max-video-preview:-1\" \/>\n<link rel=\"canonical\" href=\"https:\/\/emspec.com\/fr\/realisations\/362kv-sectionneur-a-ouverture-laterale-double-dans-le-desert-aride-daustralie\/\" \/>\n<meta property=\"og:locale\" content=\"fr_FR\" \/>\n<meta property=\"og:type\" content=\"article\" \/>\n<meta property=\"og:title\" content=\"362KV SECTIONNEUR \u00c0 OUVERTURE LAT\u00c9RALE DOUBLE DANS LE D\u00c9SERT ARIDE D\u2019AUSTRALIE - emspec.com\" \/>\n<meta property=\"og:description\" content=\"Le sectionneur \u00e0 ouverture lat\u00e9rale double ne se d\u00e9marque pas seulement sous la glace, mais il excelle aussi dans les conditions arides ou en milieu salin. Le LD2 d\u2019EMSPEC \u00e0 362kV et le sectionneur de terre ST18503 associ\u00e9 ont parfaitement r\u00e9agies \u00a0au poste de New Castle de TransGrid situ\u00e9 dans la province de Nouvelle-Galles du [&hellip;]\" \/>\n<meta property=\"og:url\" content=\"https:\/\/emspec.com\/fr\/realisations\/362kv-sectionneur-a-ouverture-laterale-double-dans-le-desert-aride-daustralie\/\" \/>\n<meta property=\"og:site_name\" content=\"emspec.com\" \/>\n<meta property=\"article:modified_time\" content=\"2023-10-11T15:07:45+00:00\" \/>\n<meta property=\"og:image\" content=\"https:\/\/emspec.com\/wp-content\/uploads\/2022\/11\/home-ld2.jpg\" \/>\n\t<meta property=\"og:image:width\" content=\"1600\" \/>\n\t<meta property=\"og:image:height\" content=\"1200\" \/>\n\t<meta property=\"og:image:type\" content=\"image\/jpeg\" \/>\n<meta name=\"twitter:card\" content=\"summary_large_image\" \/>\n<meta name=\"twitter:label1\" content=\"Dur\u00e9e de lecture estim\u00e9e\" \/>\n\t<meta name=\"twitter:data1\" content=\"1 minute\" \/>\n<script type=\"application\/ld+json\" class=\"yoast-schema-graph\">{\"@context\":\"https:\/\/schema.org\",\"@graph\":[{\"@type\":\"WebPage\",\"@id\":\"https:\/\/emspec.com\/fr\/realisations\/362kv-sectionneur-a-ouverture-laterale-double-dans-le-desert-aride-daustralie\/\",\"url\":\"https:\/\/emspec.com\/fr\/realisations\/362kv-sectionneur-a-ouverture-laterale-double-dans-le-desert-aride-daustralie\/\",\"name\":\"362KV SECTIONNEUR \u00c0 OUVERTURE LAT\u00c9RALE DOUBLE DANS LE D\u00c9SERT ARIDE D\u2019AUSTRALIE - emspec.com\",\"isPartOf\":{\"@id\":\"https:\/\/emspec.com\/#website\"},\"datePublished\":\"2022-11-16T19:03:41+00:00\",\"dateModified\":\"2023-10-11T15:07:45+00:00\",\"breadcrumb\":{\"@id\":\"https:\/\/emspec.com\/fr\/realisations\/362kv-sectionneur-a-ouverture-laterale-double-dans-le-desert-aride-daustralie\/#breadcrumb\"},\"inLanguage\":\"fr-FR\",\"potentialAction\":[{\"@type\":\"ReadAction\",\"target\":[\"https:\/\/emspec.com\/fr\/realisations\/362kv-sectionneur-a-ouverture-laterale-double-dans-le-desert-aride-daustralie\/\"]}]},{\"@type\":\"BreadcrumbList\",\"@id\":\"https:\/\/emspec.com\/fr\/realisations\/362kv-sectionneur-a-ouverture-laterale-double-dans-le-desert-aride-daustralie\/#breadcrumb\",\"itemListElement\":[{\"@type\":\"ListItem\",\"position\":1,\"name\":\"Home\",\"item\":\"https:\/\/emspec.com\/fr\/\"},{\"@type\":\"ListItem\",\"position\":2,\"name\":\"R\u00e9alisations\",\"item\":\"https:\/\/emspec.com\/fr\/realisations\/\"},{\"@type\":\"ListItem\",\"position\":3,\"name\":\"362KV SECTIONNEUR \u00c0 OUVERTURE LAT\u00c9RALE DOUBLE DANS LE D\u00c9SERT ARIDE D\u2019AUSTRALIE\"}]},{\"@type\":\"WebSite\",\"@id\":\"https:\/\/emspec.com\/#website\",\"url\":\"https:\/\/emspec.com\/\",\"name\":\"emspec.com\",\"description\":\"Just another WordPress site\",\"potentialAction\":[{\"@type\":\"SearchAction\",\"target\":{\"@type\":\"EntryPoint\",\"urlTemplate\":\"https:\/\/emspec.com\/?s={search_term_string}\"},\"query-input\":\"required name=search_term_string\"}],\"inLanguage\":\"fr-FR\"}]}<\/script>\n<!-- \/ Yoast SEO plugin. -->","yoast_head_json":{"title":"362KV SECTIONNEUR \u00c0 OUVERTURE LAT\u00c9RALE DOUBLE DANS LE D\u00c9SERT ARIDE D\u2019AUSTRALIE - emspec.com","robots":{"index":"index","follow":"follow","max-snippet":"max-snippet:-1","max-image-preview":"max-image-preview:large","max-video-preview":"max-video-preview:-1"},"canonical":"https:\/\/emspec.com\/fr\/realisations\/362kv-sectionneur-a-ouverture-laterale-double-dans-le-desert-aride-daustralie\/","og_locale":"fr_FR","og_type":"article","og_title":"362KV SECTIONNEUR \u00c0 OUVERTURE LAT\u00c9RALE DOUBLE DANS LE D\u00c9SERT ARIDE D\u2019AUSTRALIE - emspec.com","og_description":"Le sectionneur \u00e0 ouverture lat\u00e9rale double ne se d\u00e9marque pas seulement sous la glace, mais il excelle aussi dans les conditions arides ou en milieu salin. Le LD2 d\u2019EMSPEC \u00e0 362kV et le sectionneur de terre ST18503 associ\u00e9 ont parfaitement r\u00e9agies \u00a0au poste de New Castle de TransGrid situ\u00e9 dans la province de Nouvelle-Galles du [&hellip;]","og_url":"https:\/\/emspec.com\/fr\/realisations\/362kv-sectionneur-a-ouverture-laterale-double-dans-le-desert-aride-daustralie\/","og_site_name":"emspec.com","article_modified_time":"2023-10-11T15:07:45+00:00","og_image":[{"width":1600,"height":1200,"url":"https:\/\/emspec.com\/wp-content\/uploads\/2022\/11\/home-ld2.jpg","type":"image\/jpeg"}],"twitter_card":"summary_large_image","twitter_misc":{"Dur\u00e9e de lecture estim\u00e9e":"1 minute"},"schema":{"@context":"https:\/\/schema.org","@graph":[{"@type":"WebPage","@id":"https:\/\/emspec.com\/fr\/realisations\/362kv-sectionneur-a-ouverture-laterale-double-dans-le-desert-aride-daustralie\/","url":"https:\/\/emspec.com\/fr\/realisations\/362kv-sectionneur-a-ouverture-laterale-double-dans-le-desert-aride-daustralie\/","name":"362KV SECTIONNEUR \u00c0 OUVERTURE LAT\u00c9RALE DOUBLE DANS LE D\u00c9SERT ARIDE D\u2019AUSTRALIE - emspec.com","isPartOf":{"@id":"https:\/\/emspec.com\/#website"},"datePublished":"2022-11-16T19:03:41+00:00","dateModified":"2023-10-11T15:07:45+00:00","breadcrumb":{"@id":"https:\/\/emspec.com\/fr\/realisations\/362kv-sectionneur-a-ouverture-laterale-double-dans-le-desert-aride-daustralie\/#breadcrumb"},"inLanguage":"fr-FR","potentialAction":[{"@type":"ReadAction","target":["https:\/\/emspec.com\/fr\/realisations\/362kv-sectionneur-a-ouverture-laterale-double-dans-le-desert-aride-daustralie\/"]}]},{"@type":"BreadcrumbList","@id":"https:\/\/emspec.com\/fr\/realisations\/362kv-sectionneur-a-ouverture-laterale-double-dans-le-desert-aride-daustralie\/#breadcrumb","itemListElement":[{"@type":"ListItem","position":1,"name":"Home","item":"https:\/\/emspec.com\/fr\/"},{"@type":"ListItem","position":2,"name":"R\u00e9alisations","item":"https:\/\/emspec.com\/fr\/realisations\/"},{"@type":"ListItem","position":3,"name":"362KV SECTIONNEUR \u00c0 OUVERTURE LAT\u00c9RALE DOUBLE DANS LE D\u00c9SERT ARIDE D\u2019AUSTRALIE"}]},{"@type":"WebSite","@id":"https:\/\/emspec.com\/#website","url":"https:\/\/emspec.com\/","name":"emspec.com","description":"Just another WordPress site","potentialAction":[{"@type":"SearchAction","target":{"@type":"EntryPoint","urlTemplate":"https:\/\/emspec.com\/?s={search_term_string}"},"query-input":"required name=search_term_string"}],"inLanguage":"fr-FR"}]}},"_links":{"self":[{"href":"https:\/\/emspec.com\/fr\/wp-json\/wp\/v2\/pages\/429","targetHints":{"allow":["GET"]}}],"collection":[{"href":"https:\/\/emspec.com\/fr\/wp-json\/wp\/v2\/pages"}],"about":[{"href":"https:\/\/emspec.com\/fr\/wp-json\/wp\/v2\/types\/page"}],"author":[{"embeddable":true,"href":"https:\/\/emspec.com\/fr\/wp-json\/wp\/v2\/users\/1"}],"replies":[{"embeddable":true,"href":"https:\/\/emspec.com\/fr\/wp-json\/wp\/v2\/comments?post=429"}],"version-history":[{"count":2,"href":"https:\/\/emspec.com\/fr\/wp-json\/wp\/v2\/pages\/429\/revisions"}],"predecessor-version":[{"id":1079,"href":"https:\/\/emspec.com\/fr\/wp-json\/wp\/v2\/pages\/429\/revisions\/1079"}],"up":[{"embeddable":true,"href":"https:\/\/emspec.com\/fr\/wp-json\/wp\/v2\/pages\/109"}],"wp:featuredmedia":[{"embeddable":true,"href":"https:\/\/emspec.com\/fr\/wp-json\/wp\/v2\/media\/430"}],"wp:attachment":[{"href":"https:\/\/emspec.com\/fr\/wp-json\/wp\/v2\/media?parent=429"}],"curies":[{"name":"wp","href":"https:\/\/api.w.org\/{rel}","templated":true}]}}