{"id":309,"date":"2022-11-14T18:33:56","date_gmt":"2022-11-14T18:33:56","guid":{"rendered":"https:\/\/emspec.com\/?page_id=309"},"modified":"2023-11-23T14:59:59","modified_gmt":"2023-11-23T14:59:59","slug":"sectionneur-de-mise-a-la-terre","status":"publish","type":"page","link":"https:\/\/emspec.com\/fr\/produits\/sectionneurs\/sectionneur-de-mise-a-la-terre\/","title":{"rendered":"SECTIONNEUR DE MISE \u00c0 LA TERRE"},"content":{"rendered":"<div class=\"small-text-div text\">Caract\u00e9ristiques: 15kV-550kV, jusqu&rsquo;\u00e0 63kA 3s\u00e9c (164kA Peak)<\/div>\r\n<div class=\"small-text-div subtitle bold\">Fiable &#038; robuste<\/div>        \r\n<div class=\"small-text-div text bold\">EMSPEC offre une large gamme de sectionneurs de mise \u00e0 terre de 15kV \u00e0 550kV.<\/div>\r\n        <div class=\"small-text-div text\">Les sectionneurs de mise \u00e0 la terre sont d\u2019une conception simple faits uniquement des meilleurs mat\u00e9riaux disponibles sur le march\u00e9.<\/div>\r\n<div class=\"small-text-div text\">Toutes les pi\u00e8ces sont extrud\u00e9es ou usin\u00e9es d\u2019une pi\u00e8ce \u00e0 partir de billettes de m\u00e9taux, tel que l\u2019acier inoxydable 304 et des alliages de cuivre.<\/div>","protected":false},"excerpt":{"rendered":"<ul>\n<li>15kV-550kV <\/li>\n<li>jusqu&rsquo;\u00e0 63kA 3s\u00e9c (164kA Peak) <\/li>\n<\/ul>\n<p><\/p>\n","protected":false},"author":1,"featured_media":333,"parent":133,"menu_order":0,"comment_status":"closed","ping_status":"closed","template":"page-produit2.php","meta":{"footnotes":""},"class_list":["post-309","page","type-page","status-publish","has-post-thumbnail","hentry"],"yoast_head":"<!-- This site is optimized with the Yoast SEO plugin v19.6.1 - https:\/\/yoast.com\/wordpress\/plugins\/seo\/ -->\n<title>SECTIONNEUR DE MISE \u00c0 LA TERRE - emspec.com<\/title>\n<meta name=\"robots\" content=\"index, follow, max-snippet:-1, max-image-preview:large, max-video-preview:-1\" \/>\n<link rel=\"canonical\" href=\"https:\/\/emspec.com\/fr\/produits\/sectionneurs\/sectionneur-de-mise-a-la-terre\/\" \/>\n<meta property=\"og:locale\" content=\"fr_FR\" \/>\n<meta property=\"og:type\" content=\"article\" \/>\n<meta property=\"og:title\" content=\"SECTIONNEUR DE MISE \u00c0 LA TERRE - emspec.com\" \/>\n<meta property=\"og:description\" content=\"15kV-550kV  jusqu&#039;\u00e0 63kA 3s\u00e9c (164kA Peak)\" \/>\n<meta property=\"og:url\" content=\"https:\/\/emspec.com\/fr\/produits\/sectionneurs\/sectionneur-de-mise-a-la-terre\/\" \/>\n<meta property=\"og:site_name\" content=\"emspec.com\" \/>\n<meta property=\"article:modified_time\" content=\"2023-11-23T14:59:59+00:00\" \/>\n<meta property=\"og:image\" content=\"https:\/\/emspec.com\/wp-content\/uploads\/2022\/11\/1-gs-3d-n8lzcepa7h3m1ngpj296fiodklorte350o2ac7vaeo.png\" \/>\n\t<meta property=\"og:image:width\" content=\"728\" \/>\n\t<meta property=\"og:image:height\" content=\"600\" \/>\n\t<meta property=\"og:image:type\" content=\"image\/png\" \/>\n<meta name=\"twitter:card\" content=\"summary_large_image\" \/>\n<meta name=\"twitter:label1\" content=\"Dur\u00e9e de lecture estim\u00e9e\" \/>\n\t<meta name=\"twitter:data1\" content=\"1 minute\" \/>\n<script type=\"application\/ld+json\" class=\"yoast-schema-graph\">{\"@context\":\"https:\/\/schema.org\",\"@graph\":[{\"@type\":\"WebPage\",\"@id\":\"https:\/\/emspec.com\/fr\/produits\/sectionneurs\/sectionneur-de-mise-a-la-terre\/\",\"url\":\"https:\/\/emspec.com\/fr\/produits\/sectionneurs\/sectionneur-de-mise-a-la-terre\/\",\"name\":\"SECTIONNEUR DE MISE \u00c0 LA TERRE - emspec.com\",\"isPartOf\":{\"@id\":\"https:\/\/emspec.com\/#website\"},\"datePublished\":\"2022-11-14T18:33:56+00:00\",\"dateModified\":\"2023-11-23T14:59:59+00:00\",\"breadcrumb\":{\"@id\":\"https:\/\/emspec.com\/fr\/produits\/sectionneurs\/sectionneur-de-mise-a-la-terre\/#breadcrumb\"},\"inLanguage\":\"fr-FR\",\"potentialAction\":[{\"@type\":\"ReadAction\",\"target\":[\"https:\/\/emspec.com\/fr\/produits\/sectionneurs\/sectionneur-de-mise-a-la-terre\/\"]}]},{\"@type\":\"BreadcrumbList\",\"@id\":\"https:\/\/emspec.com\/fr\/produits\/sectionneurs\/sectionneur-de-mise-a-la-terre\/#breadcrumb\",\"itemListElement\":[{\"@type\":\"ListItem\",\"position\":1,\"name\":\"Home\",\"item\":\"https:\/\/emspec.com\/fr\/\"},{\"@type\":\"ListItem\",\"position\":2,\"name\":\"Produits\",\"item\":\"https:\/\/emspec.com\/fr\/produits\/\"},{\"@type\":\"ListItem\",\"position\":3,\"name\":\"Sectionneurs\",\"item\":\"https:\/\/emspec.com\/fr\/produits\/sectionneurs\/\"},{\"@type\":\"ListItem\",\"position\":4,\"name\":\"SECTIONNEUR DE MISE \u00c0 LA TERRE\"}]},{\"@type\":\"WebSite\",\"@id\":\"https:\/\/emspec.com\/#website\",\"url\":\"https:\/\/emspec.com\/\",\"name\":\"emspec.com\",\"description\":\"Just another WordPress site\",\"potentialAction\":[{\"@type\":\"SearchAction\",\"target\":{\"@type\":\"EntryPoint\",\"urlTemplate\":\"https:\/\/emspec.com\/?s={search_term_string}\"},\"query-input\":\"required name=search_term_string\"}],\"inLanguage\":\"fr-FR\"}]}<\/script>\n<!-- \/ Yoast SEO plugin. -->","yoast_head_json":{"title":"SECTIONNEUR DE MISE \u00c0 LA TERRE - emspec.com","robots":{"index":"index","follow":"follow","max-snippet":"max-snippet:-1","max-image-preview":"max-image-preview:large","max-video-preview":"max-video-preview:-1"},"canonical":"https:\/\/emspec.com\/fr\/produits\/sectionneurs\/sectionneur-de-mise-a-la-terre\/","og_locale":"fr_FR","og_type":"article","og_title":"SECTIONNEUR DE MISE \u00c0 LA TERRE - emspec.com","og_description":"15kV-550kV  jusqu'\u00e0 63kA 3s\u00e9c (164kA Peak)","og_url":"https:\/\/emspec.com\/fr\/produits\/sectionneurs\/sectionneur-de-mise-a-la-terre\/","og_site_name":"emspec.com","article_modified_time":"2023-11-23T14:59:59+00:00","og_image":[{"width":728,"height":600,"url":"https:\/\/emspec.com\/wp-content\/uploads\/2022\/11\/1-gs-3d-n8lzcepa7h3m1ngpj296fiodklorte350o2ac7vaeo.png","type":"image\/png"}],"twitter_card":"summary_large_image","twitter_misc":{"Dur\u00e9e de lecture estim\u00e9e":"1 minute"},"schema":{"@context":"https:\/\/schema.org","@graph":[{"@type":"WebPage","@id":"https:\/\/emspec.com\/fr\/produits\/sectionneurs\/sectionneur-de-mise-a-la-terre\/","url":"https:\/\/emspec.com\/fr\/produits\/sectionneurs\/sectionneur-de-mise-a-la-terre\/","name":"SECTIONNEUR DE MISE \u00c0 LA TERRE - emspec.com","isPartOf":{"@id":"https:\/\/emspec.com\/#website"},"datePublished":"2022-11-14T18:33:56+00:00","dateModified":"2023-11-23T14:59:59+00:00","breadcrumb":{"@id":"https:\/\/emspec.com\/fr\/produits\/sectionneurs\/sectionneur-de-mise-a-la-terre\/#breadcrumb"},"inLanguage":"fr-FR","potentialAction":[{"@type":"ReadAction","target":["https:\/\/emspec.com\/fr\/produits\/sectionneurs\/sectionneur-de-mise-a-la-terre\/"]}]},{"@type":"BreadcrumbList","@id":"https:\/\/emspec.com\/fr\/produits\/sectionneurs\/sectionneur-de-mise-a-la-terre\/#breadcrumb","itemListElement":[{"@type":"ListItem","position":1,"name":"Home","item":"https:\/\/emspec.com\/fr\/"},{"@type":"ListItem","position":2,"name":"Produits","item":"https:\/\/emspec.com\/fr\/produits\/"},{"@type":"ListItem","position":3,"name":"Sectionneurs","item":"https:\/\/emspec.com\/fr\/produits\/sectionneurs\/"},{"@type":"ListItem","position":4,"name":"SECTIONNEUR DE MISE \u00c0 LA TERRE"}]},{"@type":"WebSite","@id":"https:\/\/emspec.com\/#website","url":"https:\/\/emspec.com\/","name":"emspec.com","description":"Just another WordPress site","potentialAction":[{"@type":"SearchAction","target":{"@type":"EntryPoint","urlTemplate":"https:\/\/emspec.com\/?s={search_term_string}"},"query-input":"required name=search_term_string"}],"inLanguage":"fr-FR"}]}},"_links":{"self":[{"href":"https:\/\/emspec.com\/fr\/wp-json\/wp\/v2\/pages\/309","targetHints":{"allow":["GET"]}}],"collection":[{"href":"https:\/\/emspec.com\/fr\/wp-json\/wp\/v2\/pages"}],"about":[{"href":"https:\/\/emspec.com\/fr\/wp-json\/wp\/v2\/types\/page"}],"author":[{"embeddable":true,"href":"https:\/\/emspec.com\/fr\/wp-json\/wp\/v2\/users\/1"}],"replies":[{"embeddable":true,"href":"https:\/\/emspec.com\/fr\/wp-json\/wp\/v2\/comments?post=309"}],"version-history":[{"count":4,"href":"https:\/\/emspec.com\/fr\/wp-json\/wp\/v2\/pages\/309\/revisions"}],"predecessor-version":[{"id":1178,"href":"https:\/\/emspec.com\/fr\/wp-json\/wp\/v2\/pages\/309\/revisions\/1178"}],"up":[{"embeddable":true,"href":"https:\/\/emspec.com\/fr\/wp-json\/wp\/v2\/pages\/133"}],"wp:featuredmedia":[{"embeddable":true,"href":"https:\/\/emspec.com\/fr\/wp-json\/wp\/v2\/media\/333"}],"wp:attachment":[{"href":"https:\/\/emspec.com\/fr\/wp-json\/wp\/v2\/media?parent=309"}],"curies":[{"name":"wp","href":"https:\/\/api.w.org\/{rel}","templated":true}]}}