{"id":111,"date":"2022-10-18T17:45:17","date_gmt":"2022-10-18T17:45:17","guid":{"rendered":"https:\/\/emspec.com\/?page_id=111"},"modified":"2023-10-11T14:24:18","modified_gmt":"2023-10-11T14:24:18","slug":"carrieres","status":"publish","type":"page","link":"https:\/\/emspec.com\/fr\/carrieres\/","title":{"rendered":"Carri\u00e8res"},"content":{"rendered":"<div>\r\n<div class=\"text bold\">Vous recherchez une carri\u00e8re passionnante dans le domaine de l&rsquo;\u00e9nergie \u00e9lectrique ? Ne cherchez plus !<\/div>\r\n<div class=\"text\">Rejoignez EMSPEC, fournisseur officiel d&rsquo;appareillages haute tension au Qu\u00e9bec depuis plus de 30 ans. En tant que membre cl\u00e9 de notre \u00e9quipe, vous aurez l&rsquo;opportunit\u00e9 de contribuer directement \u00e0 l&rsquo;avancement de l&rsquo;industrie \u00e9lectrique au Qu\u00e9bec et au-del\u00e0. Relevez le d\u00e9fi et apportez votre expertise \u00e0 une entreprise de renom, o\u00f9 l&rsquo;innovation et la qualit\u00e9 sont notre fiert\u00e9. Venez faire partie de notre succ\u00e8s chez EMSPEC et donnez vie \u00e0 votre potentiel professionnel.<br><br><\/div>\r\n<div class=\"text bold\">CONDITIONS D\u2019EMPLOI<\/div>\r\n<div class=\"text\">Emspec s&rsquo;est engag\u00e9 \u00e0 cr\u00e9er un environnement diversifi\u00e9 et est fier d&rsquo;\u00eatre un employeur qui offre les m\u00eames chances \u00e0 tous. Tous les candidats qualifi\u00e9s seront consid\u00e9r\u00e9s pour un emploi sans distinction de race, de couleur, de religion, de genre, d\u2019identit\u00e9, d\u2019orientation sexuelle, de nationalit\u00e9, de g\u00e9n\u00e9tique, d\u2019\u00e2ge, de handicap, de statut de v\u00e9t\u00e9ran ou de toute autre caract\u00e9ristique prot\u00e9g\u00e9e par le gouvernement f\u00e9d\u00e9ral, les provinces, ou les lois locales.<\/div>\r\n<\/div>","protected":false},"excerpt":{"rendered":"<p>Vous recherchez une carri\u00e8re passionnante dans le domaine de l&rsquo;\u00e9nergie \u00e9lectrique ? Ne cherchez plus ! Rejoignez EMSPEC, fournisseur officiel d&rsquo;appareillages haute tension au Qu\u00e9bec depuis plus de 30 ans. En tant que membre cl\u00e9 de notre \u00e9quipe, vous aurez l&rsquo;opportunit\u00e9 de contribuer directement \u00e0 l&rsquo;avancement de l&rsquo;industrie \u00e9lectrique au Qu\u00e9bec et au-del\u00e0. Relevez le [&hellip;]<\/p>\n","protected":false},"author":1,"featured_media":791,"parent":0,"menu_order":0,"comment_status":"closed","ping_status":"closed","template":"page-careers.php","meta":{"footnotes":""},"class_list":["post-111","page","type-page","status-publish","has-post-thumbnail","hentry"],"yoast_head":"<!-- This site is optimized with the Yoast SEO plugin v19.6.1 - https:\/\/yoast.com\/wordpress\/plugins\/seo\/ -->\n<title>Carri\u00e8res - emspec.com<\/title>\n<meta name=\"robots\" content=\"index, follow, max-snippet:-1, max-image-preview:large, max-video-preview:-1\" \/>\n<link rel=\"canonical\" href=\"https:\/\/emspec.com\/fr\/carrieres\/\" \/>\n<meta property=\"og:locale\" content=\"fr_FR\" \/>\n<meta property=\"og:type\" content=\"article\" \/>\n<meta property=\"og:title\" content=\"Carri\u00e8res - emspec.com\" \/>\n<meta property=\"og:description\" content=\"Vous recherchez une carri\u00e8re passionnante dans le domaine de l&rsquo;\u00e9nergie \u00e9lectrique ? Ne cherchez plus ! Rejoignez EMSPEC, fournisseur officiel d&rsquo;appareillages haute tension au Qu\u00e9bec depuis plus de 30 ans. En tant que membre cl\u00e9 de notre \u00e9quipe, vous aurez l&rsquo;opportunit\u00e9 de contribuer directement \u00e0 l&rsquo;avancement de l&rsquo;industrie \u00e9lectrique au Qu\u00e9bec et au-del\u00e0. Relevez le [&hellip;]\" \/>\n<meta property=\"og:url\" content=\"https:\/\/emspec.com\/fr\/carrieres\/\" \/>\n<meta property=\"og:site_name\" content=\"emspec.com\" \/>\n<meta property=\"article:modified_time\" content=\"2023-10-11T14:24:18+00:00\" \/>\n<meta property=\"og:image\" content=\"https:\/\/emspec.com\/wp-content\/uploads\/2022\/12\/photo-equipe-emspec.jpg\" \/>\n\t<meta property=\"og:image:width\" content=\"2000\" \/>\n\t<meta property=\"og:image:height\" content=\"719\" \/>\n\t<meta property=\"og:image:type\" content=\"image\/jpeg\" \/>\n<meta name=\"twitter:card\" content=\"summary_large_image\" \/>\n<meta name=\"twitter:label1\" content=\"Dur\u00e9e de lecture estim\u00e9e\" \/>\n\t<meta name=\"twitter:data1\" content=\"1 minute\" \/>\n<script type=\"application\/ld+json\" class=\"yoast-schema-graph\">{\"@context\":\"https:\/\/schema.org\",\"@graph\":[{\"@type\":\"WebPage\",\"@id\":\"https:\/\/emspec.com\/fr\/carrieres\/\",\"url\":\"https:\/\/emspec.com\/fr\/carrieres\/\",\"name\":\"Carri\u00e8res - emspec.com\",\"isPartOf\":{\"@id\":\"https:\/\/emspec.com\/#website\"},\"datePublished\":\"2022-10-18T17:45:17+00:00\",\"dateModified\":\"2023-10-11T14:24:18+00:00\",\"breadcrumb\":{\"@id\":\"https:\/\/emspec.com\/fr\/carrieres\/#breadcrumb\"},\"inLanguage\":\"fr-FR\",\"potentialAction\":[{\"@type\":\"ReadAction\",\"target\":[\"https:\/\/emspec.com\/fr\/carrieres\/\"]}]},{\"@type\":\"BreadcrumbList\",\"@id\":\"https:\/\/emspec.com\/fr\/carrieres\/#breadcrumb\",\"itemListElement\":[{\"@type\":\"ListItem\",\"position\":1,\"name\":\"Home\",\"item\":\"https:\/\/emspec.com\/fr\/\"},{\"@type\":\"ListItem\",\"position\":2,\"name\":\"Carri\u00e8res\"}]},{\"@type\":\"WebSite\",\"@id\":\"https:\/\/emspec.com\/#website\",\"url\":\"https:\/\/emspec.com\/\",\"name\":\"emspec.com\",\"description\":\"Just another WordPress site\",\"potentialAction\":[{\"@type\":\"SearchAction\",\"target\":{\"@type\":\"EntryPoint\",\"urlTemplate\":\"https:\/\/emspec.com\/?s={search_term_string}\"},\"query-input\":\"required name=search_term_string\"}],\"inLanguage\":\"fr-FR\"}]}<\/script>\n<!-- \/ Yoast SEO plugin. -->","yoast_head_json":{"title":"Carri\u00e8res - emspec.com","robots":{"index":"index","follow":"follow","max-snippet":"max-snippet:-1","max-image-preview":"max-image-preview:large","max-video-preview":"max-video-preview:-1"},"canonical":"https:\/\/emspec.com\/fr\/carrieres\/","og_locale":"fr_FR","og_type":"article","og_title":"Carri\u00e8res - emspec.com","og_description":"Vous recherchez une carri\u00e8re passionnante dans le domaine de l&rsquo;\u00e9nergie \u00e9lectrique ? Ne cherchez plus ! Rejoignez EMSPEC, fournisseur officiel d&rsquo;appareillages haute tension au Qu\u00e9bec depuis plus de 30 ans. En tant que membre cl\u00e9 de notre \u00e9quipe, vous aurez l&rsquo;opportunit\u00e9 de contribuer directement \u00e0 l&rsquo;avancement de l&rsquo;industrie \u00e9lectrique au Qu\u00e9bec et au-del\u00e0. Relevez le [&hellip;]","og_url":"https:\/\/emspec.com\/fr\/carrieres\/","og_site_name":"emspec.com","article_modified_time":"2023-10-11T14:24:18+00:00","og_image":[{"width":2000,"height":719,"url":"https:\/\/emspec.com\/wp-content\/uploads\/2022\/12\/photo-equipe-emspec.jpg","type":"image\/jpeg"}],"twitter_card":"summary_large_image","twitter_misc":{"Dur\u00e9e de lecture estim\u00e9e":"1 minute"},"schema":{"@context":"https:\/\/schema.org","@graph":[{"@type":"WebPage","@id":"https:\/\/emspec.com\/fr\/carrieres\/","url":"https:\/\/emspec.com\/fr\/carrieres\/","name":"Carri\u00e8res - emspec.com","isPartOf":{"@id":"https:\/\/emspec.com\/#website"},"datePublished":"2022-10-18T17:45:17+00:00","dateModified":"2023-10-11T14:24:18+00:00","breadcrumb":{"@id":"https:\/\/emspec.com\/fr\/carrieres\/#breadcrumb"},"inLanguage":"fr-FR","potentialAction":[{"@type":"ReadAction","target":["https:\/\/emspec.com\/fr\/carrieres\/"]}]},{"@type":"BreadcrumbList","@id":"https:\/\/emspec.com\/fr\/carrieres\/#breadcrumb","itemListElement":[{"@type":"ListItem","position":1,"name":"Home","item":"https:\/\/emspec.com\/fr\/"},{"@type":"ListItem","position":2,"name":"Carri\u00e8res"}]},{"@type":"WebSite","@id":"https:\/\/emspec.com\/#website","url":"https:\/\/emspec.com\/","name":"emspec.com","description":"Just another WordPress site","potentialAction":[{"@type":"SearchAction","target":{"@type":"EntryPoint","urlTemplate":"https:\/\/emspec.com\/?s={search_term_string}"},"query-input":"required name=search_term_string"}],"inLanguage":"fr-FR"}]}},"_links":{"self":[{"href":"https:\/\/emspec.com\/fr\/wp-json\/wp\/v2\/pages\/111","targetHints":{"allow":["GET"]}}],"collection":[{"href":"https:\/\/emspec.com\/fr\/wp-json\/wp\/v2\/pages"}],"about":[{"href":"https:\/\/emspec.com\/fr\/wp-json\/wp\/v2\/types\/page"}],"author":[{"embeddable":true,"href":"https:\/\/emspec.com\/fr\/wp-json\/wp\/v2\/users\/1"}],"replies":[{"embeddable":true,"href":"https:\/\/emspec.com\/fr\/wp-json\/wp\/v2\/comments?post=111"}],"version-history":[{"count":5,"href":"https:\/\/emspec.com\/fr\/wp-json\/wp\/v2\/pages\/111\/revisions"}],"predecessor-version":[{"id":1059,"href":"https:\/\/emspec.com\/fr\/wp-json\/wp\/v2\/pages\/111\/revisions\/1059"}],"wp:featuredmedia":[{"embeddable":true,"href":"https:\/\/emspec.com\/fr\/wp-json\/wp\/v2\/media\/791"}],"wp:attachment":[{"href":"https:\/\/emspec.com\/fr\/wp-json\/wp\/v2\/media?parent=111"}],"curies":[{"name":"wp","href":"https:\/\/api.w.org\/{rel}","templated":true}]}}