{"id":107,"date":"2022-10-18T17:38:05","date_gmt":"2022-10-18T17:38:05","guid":{"rendered":"https:\/\/emspec.com\/?page_id=107"},"modified":"2023-10-11T20:12:34","modified_gmt":"2023-10-11T20:12:34","slug":"a-propos","status":"publish","type":"page","link":"https:\/\/emspec.com\/fr\/a-propos\/","title":{"rendered":"A propos"},"content":{"rendered":"<div class=\"text\">C\u2019est l\u2019innovation qui fait la diff\u00e9rence entre un leader et un suiveur et EMSPEC est un chef de file au niveau de l\u2019innovation dans le march\u00e9 de l\u2019appareillage \u00e9lectrique. Nous sommes un concepteur et un fabricant de sectionneurs haute et moyenne tension destin\u00e9s au march\u00e9 international de la transmission d\u2019\u00e9nergie \u00e9lectrique, des sous-stations, de la production d\u2019\u00e9nergie, des \u00e9nergies renouvelables.<\/div>\r\n\r\n\r\n<hr style=\"width: 20%; border: #002b5f 1px solid;\" \/>\r\n\r\n<div class=\"text\" style=\"margin: 20px 0;\">En 2023, <a href=\"https:\/\/www.hapam.nl\/\" rel=\"noopener\" target=\"_blank\" style=\"text-decoration:underline\"><strong>HAPAM<\/strong><\/a>, membre du VAN HALTEREN GROUP, a acquis EMSPEC pour \u00e9tendre davantage son portefeuille de produits et de services, renfor\u00e7ant ainsi sa position en tant que l\u2019un des principaux fabricants de sectionneurs au monde. HAPAM a livr\u00e9 plus de 200 000 sectionneurs dans plus de 125 pays et est ses produits sont r\u00e9put\u00e9s pour leur qualit\u00e9 et leurs performances \u00e9lev\u00e9es, ainsi que pour leur facilit\u00e9 d\u2019installation et leur entretien minimal. Outre les Pays-Bas (Bunschoten-Spakenburg), HAPAM poss\u00e8de \u00e9galement des usines en Pologne (Lodz), au Vietnam (Hanoi) et maintenant, avec EMSPEC, au Qu\u00e9bec, Canada (Bois-des-Filion).<\/div>\r\n<hr style=\"width: 20%; border: #002b5f 1px solid;\" \/>\r\n\r\n<div class=\"text\" style=\"margin: 20px 0;\">L\u2019origine d\u2019EMSPEC remonte \u00e0 1947, dans le cadre du groupe europ\u00e9en SDCEM. Introduite en Am\u00e9rique du Nord en 1992 sous le nom de SDCEM Inc., la soci\u00e9t\u00e9 est devenue EMSPEC Inc. en 2002 lorsque les partenaires locaux ont acquis les actions de la soci\u00e9t\u00e9 m\u00e8re. Nous sommes maintenant un pionnier dans les solutions du sectionnement \u00e9lectrique innovatrices, et notre port\u00e9e s\u2019\u00e9tend au niveau mondial avec une forte pr\u00e9sence d\u2019un oc\u00e9an \u00e0 l\u2019autre du Canada tout en d\u00e9tenant des parts de march\u00e9 importantes aux \u00c9tats-Unis, en Chine, en Australie et dans bien d\u2019autres r\u00e9gions mondiales.<\/div>\r\n\r\n<hr style=\"width: 20%; border: #002b5f 1px solid;\" \/>\r\n\r\n<div class=\"text\" style=\"margin: 20px 0;\">EMSPEC fabrique des produits de haute qualit\u00e9, y compris une gamme compl\u00e8te de sectionneurs de haute et moyenne tension tels que le sectionneur \u00e0 genouill\u00e8re, le sectionneur \u00e0 ouverture verticale, le sectionneur \u00e0 ouverture centrale, le sectionneur lat\u00e9ral double, le sectionneur lat\u00e9ral simple, le sectionneur semi-pantographe, le sectionneur \u00e0 bascule int\u00e9rieur et ext\u00e9rieur, le sectionneur de terre , les op\u00e9rateurs manuels et motoris\u00e9s et une gamme compl\u00e8te d\u2019accessoires.<\/div>\r\n\r\n<hr style=\"width: 20%; border: #002b5f 1px solid;\" \/>\r\n\r\n<div class=\"text\" style=\"margin: 20px 0;\">De nos d\u00e9buts modestes \u00e0 notre position actuelle de leader, EMSPEC compte un grand nombre de client, autant au niveau des services d\u2019\u00e9lectricit\u00e9 publics importants, qu\u2019au niveau des producteurs d\u2019\u00e9lectricit\u00e9. Avec nos produits inspir\u00e9s, notre service, nos syst\u00e8mes int\u00e9gr\u00e9s et nos solutions, nous sommes fiers de nos r\u00e9alisations. Nous d\u00e9ployons la puissance de l\u2019innovation et la richesse de notre savoir-faire \u00e0 tous nos clients actuels et futurs en fournissant une technologie am\u00e9lior\u00e9e, une fiabilit\u00e9 remarquable et une gamme de produits de haute qualit\u00e9.<\/div>","protected":false},"excerpt":{"rendered":"<p>C\u2019est l\u2019innovation qui fait la diff\u00e9rence entre un leader et un suiveur et EMSPEC est un chef de file au niveau de l\u2019innovation dans le march\u00e9 de l\u2019appareillage \u00e9lectrique. Nous sommes un concepteur et un fabricant de sectionneurs haute et moyenne tension destin\u00e9s au march\u00e9 international de la transmission d\u2019\u00e9nergie \u00e9lectrique, des sous-stations, de la [&hellip;]<\/p>\n","protected":false},"author":1,"featured_media":785,"parent":0,"menu_order":0,"comment_status":"closed","ping_status":"closed","template":"page-about.php","meta":{"footnotes":""},"class_list":["post-107","page","type-page","status-publish","has-post-thumbnail","hentry"],"yoast_head":"<!-- This site is optimized with the Yoast SEO plugin v19.6.1 - https:\/\/yoast.com\/wordpress\/plugins\/seo\/ -->\n<title>A propos - emspec.com<\/title>\n<meta name=\"robots\" content=\"index, follow, max-snippet:-1, max-image-preview:large, max-video-preview:-1\" \/>\n<link rel=\"canonical\" href=\"https:\/\/emspec.com\/fr\/a-propos\/\" \/>\n<meta property=\"og:locale\" content=\"fr_FR\" \/>\n<meta property=\"og:type\" content=\"article\" \/>\n<meta property=\"og:title\" content=\"A propos - emspec.com\" \/>\n<meta property=\"og:description\" content=\"C\u2019est l\u2019innovation qui fait la diff\u00e9rence entre un leader et un suiveur et EMSPEC est un chef de file au niveau de l\u2019innovation dans le march\u00e9 de l\u2019appareillage \u00e9lectrique. Nous sommes un concepteur et un fabricant de sectionneurs haute et moyenne tension destin\u00e9s au march\u00e9 international de la transmission d\u2019\u00e9nergie \u00e9lectrique, des sous-stations, de la [&hellip;]\" \/>\n<meta property=\"og:url\" content=\"https:\/\/emspec.com\/fr\/a-propos\/\" \/>\n<meta property=\"og:site_name\" content=\"emspec.com\" \/>\n<meta property=\"article:modified_time\" content=\"2023-10-11T20:12:34+00:00\" \/>\n<meta property=\"og:image\" content=\"https:\/\/emspec.com\/wp-content\/uploads\/2022\/12\/aboususpic1.jpg\" \/>\n\t<meta property=\"og:image:width\" content=\"381\" \/>\n\t<meta property=\"og:image:height\" content=\"575\" \/>\n\t<meta property=\"og:image:type\" content=\"image\/jpeg\" \/>\n<meta name=\"twitter:card\" content=\"summary_large_image\" \/>\n<meta name=\"twitter:label1\" content=\"Dur\u00e9e de lecture estim\u00e9e\" \/>\n\t<meta name=\"twitter:data1\" content=\"2 minutes\" \/>\n<script type=\"application\/ld+json\" class=\"yoast-schema-graph\">{\"@context\":\"https:\/\/schema.org\",\"@graph\":[{\"@type\":\"WebPage\",\"@id\":\"https:\/\/emspec.com\/fr\/a-propos\/\",\"url\":\"https:\/\/emspec.com\/fr\/a-propos\/\",\"name\":\"A propos - emspec.com\",\"isPartOf\":{\"@id\":\"https:\/\/emspec.com\/#website\"},\"datePublished\":\"2022-10-18T17:38:05+00:00\",\"dateModified\":\"2023-10-11T20:12:34+00:00\",\"breadcrumb\":{\"@id\":\"https:\/\/emspec.com\/fr\/a-propos\/#breadcrumb\"},\"inLanguage\":\"fr-FR\",\"potentialAction\":[{\"@type\":\"ReadAction\",\"target\":[\"https:\/\/emspec.com\/fr\/a-propos\/\"]}]},{\"@type\":\"BreadcrumbList\",\"@id\":\"https:\/\/emspec.com\/fr\/a-propos\/#breadcrumb\",\"itemListElement\":[{\"@type\":\"ListItem\",\"position\":1,\"name\":\"Home\",\"item\":\"https:\/\/emspec.com\/fr\/\"},{\"@type\":\"ListItem\",\"position\":2,\"name\":\"A propos\"}]},{\"@type\":\"WebSite\",\"@id\":\"https:\/\/emspec.com\/#website\",\"url\":\"https:\/\/emspec.com\/\",\"name\":\"emspec.com\",\"description\":\"Just another WordPress site\",\"potentialAction\":[{\"@type\":\"SearchAction\",\"target\":{\"@type\":\"EntryPoint\",\"urlTemplate\":\"https:\/\/emspec.com\/?s={search_term_string}\"},\"query-input\":\"required name=search_term_string\"}],\"inLanguage\":\"fr-FR\"}]}<\/script>\n<!-- \/ Yoast SEO plugin. -->","yoast_head_json":{"title":"A propos - emspec.com","robots":{"index":"index","follow":"follow","max-snippet":"max-snippet:-1","max-image-preview":"max-image-preview:large","max-video-preview":"max-video-preview:-1"},"canonical":"https:\/\/emspec.com\/fr\/a-propos\/","og_locale":"fr_FR","og_type":"article","og_title":"A propos - emspec.com","og_description":"C\u2019est l\u2019innovation qui fait la diff\u00e9rence entre un leader et un suiveur et EMSPEC est un chef de file au niveau de l\u2019innovation dans le march\u00e9 de l\u2019appareillage \u00e9lectrique. Nous sommes un concepteur et un fabricant de sectionneurs haute et moyenne tension destin\u00e9s au march\u00e9 international de la transmission d\u2019\u00e9nergie \u00e9lectrique, des sous-stations, de la [&hellip;]","og_url":"https:\/\/emspec.com\/fr\/a-propos\/","og_site_name":"emspec.com","article_modified_time":"2023-10-11T20:12:34+00:00","og_image":[{"width":381,"height":575,"url":"https:\/\/emspec.com\/wp-content\/uploads\/2022\/12\/aboususpic1.jpg","type":"image\/jpeg"}],"twitter_card":"summary_large_image","twitter_misc":{"Dur\u00e9e de lecture estim\u00e9e":"2 minutes"},"schema":{"@context":"https:\/\/schema.org","@graph":[{"@type":"WebPage","@id":"https:\/\/emspec.com\/fr\/a-propos\/","url":"https:\/\/emspec.com\/fr\/a-propos\/","name":"A propos - emspec.com","isPartOf":{"@id":"https:\/\/emspec.com\/#website"},"datePublished":"2022-10-18T17:38:05+00:00","dateModified":"2023-10-11T20:12:34+00:00","breadcrumb":{"@id":"https:\/\/emspec.com\/fr\/a-propos\/#breadcrumb"},"inLanguage":"fr-FR","potentialAction":[{"@type":"ReadAction","target":["https:\/\/emspec.com\/fr\/a-propos\/"]}]},{"@type":"BreadcrumbList","@id":"https:\/\/emspec.com\/fr\/a-propos\/#breadcrumb","itemListElement":[{"@type":"ListItem","position":1,"name":"Home","item":"https:\/\/emspec.com\/fr\/"},{"@type":"ListItem","position":2,"name":"A propos"}]},{"@type":"WebSite","@id":"https:\/\/emspec.com\/#website","url":"https:\/\/emspec.com\/","name":"emspec.com","description":"Just another WordPress site","potentialAction":[{"@type":"SearchAction","target":{"@type":"EntryPoint","urlTemplate":"https:\/\/emspec.com\/?s={search_term_string}"},"query-input":"required name=search_term_string"}],"inLanguage":"fr-FR"}]}},"_links":{"self":[{"href":"https:\/\/emspec.com\/fr\/wp-json\/wp\/v2\/pages\/107","targetHints":{"allow":["GET"]}}],"collection":[{"href":"https:\/\/emspec.com\/fr\/wp-json\/wp\/v2\/pages"}],"about":[{"href":"https:\/\/emspec.com\/fr\/wp-json\/wp\/v2\/types\/page"}],"author":[{"embeddable":true,"href":"https:\/\/emspec.com\/fr\/wp-json\/wp\/v2\/users\/1"}],"replies":[{"embeddable":true,"href":"https:\/\/emspec.com\/fr\/wp-json\/wp\/v2\/comments?post=107"}],"version-history":[{"count":17,"href":"https:\/\/emspec.com\/fr\/wp-json\/wp\/v2\/pages\/107\/revisions"}],"predecessor-version":[{"id":1109,"href":"https:\/\/emspec.com\/fr\/wp-json\/wp\/v2\/pages\/107\/revisions\/1109"}],"wp:featuredmedia":[{"embeddable":true,"href":"https:\/\/emspec.com\/fr\/wp-json\/wp\/v2\/media\/785"}],"wp:attachment":[{"href":"https:\/\/emspec.com\/fr\/wp-json\/wp\/v2\/media?parent=107"}],"curies":[{"name":"wp","href":"https:\/\/api.w.org\/{rel}","templated":true}]}}